{"id":4760,"date":"2023-12-01T08:49:53","date_gmt":"2023-12-01T08:49:53","guid":{"rendered":"https:\/\/www.belodonte.es\/?page_id=4760"},"modified":"2023-12-01T10:19:23","modified_gmt":"2023-12-01T10:19:23","slug":"canal-intern-dinformacio","status":"publish","type":"page","link":"https:\/\/www.belodonte.es\/ca\/canal-intern-dinformacio\/","title":{"rendered":"Canal Intern d&#8217;Informaci\u00f3"},"content":{"rendered":"\t\t<div data-elementor-type=\"wp-page\" data-elementor-id=\"4760\" class=\"elementor elementor-4760 elementor-4751\">\n\t\t\t\t\t\t<section class=\"elementor-section elementor-top-section elementor-element elementor-element-1b481bf1 elementor-section-boxed elementor-section-height-default elementor-section-height-default\" data-id=\"1b481bf1\" data-element_type=\"section\" data-e-type=\"section\">\n\t\t\t\t\t\t<div class=\"elementor-container elementor-column-gap-default\">\n\t\t\t\t\t<div class=\"elementor-column elementor-col-100 elementor-top-column elementor-element elementor-element-38cdf40b\" data-id=\"38cdf40b\" data-element_type=\"column\" data-e-type=\"column\">\n\t\t\t<div class=\"elementor-widget-wrap elementor-element-populated\">\n\t\t\t\t\t\t<div class=\"elementor-element elementor-element-9c12248 elementor-widget elementor-widget-text-editor\" data-id=\"9c12248\" data-element_type=\"widget\" data-e-type=\"widget\" data-widget_type=\"text-editor.default\">\n\t\t\t\t<div class=\"elementor-widget-container\">\n\t\t\t\t\t\t\t\t\t<h1>Canal Intern d&#8217;Informaci\u00f3<\/h1><p>En el marc del programa de compliment normatiu del Grup MGC, al que pertany l\u2019Institut Quir\u00fargic Est\u00e8tica i Odontologia, S.A., i del sistema de prevenci\u00f3 de riscos penals establert, s\u2019ha implementat el Canal intern d\u2019informaci\u00f3, donant compliment aix\u00ed a la legislaci\u00f3 vigent.<\/p><p>El Canal permet a les persones treballadores del Grup MGC, i a aquelles que hi estiguin vinculades, comunicar determinada informaci\u00f3 sobre presumptes infraccions penals o administratives, sancionades per la normativa en vigor, inclosa la europea, aix\u00ed com sobre possibles incompliments de les pautes o normes previstes al Codi \u00e8tic i de conducta, garantint la protecci\u00f3 adequada a les persones implicades.<\/p><p>No s\u2019admetran a tr\u00e0mit les comunicacions que siguin falses o fetes amb mala fe, no estiguin fonamentades o motivades, versin sobre fets que no siguin constitutius d\u2019infracci\u00f3 o estiguin vinculades a conflictes interpersonals, procedint a continuaci\u00f3 al seu arxiu.<\/p><p>Aix\u00ed mateix, s\u2019arxivaran aquelles comunicacions que tractin sobre queixes o reclamacions, o derivin de l\u2019exercici dels drets en mat\u00e8ria de protecci\u00f3 de dades personals, les quals s\u2019hauran de tramitar per mitj\u00e0 de les vies establertes.<\/p><h3>Com formular una comunicaci\u00f3?<\/h3><p>La comunicaci\u00f3 podr\u00e0 fer-se per escrit a trav\u00e9s de l\u2019enlla\u00e7 que figura al peu del present escrit, o verbalment al tel\u00e8fon 93 414 42 60, sens perjudici de poder sol\u00b7licitar una reuni\u00f3 presencial amb la persona designada com a Responsable del Sistema intern d\u2019informaci\u00f3 establert pel Grup MGC.<\/p><p>Addicionalment, la persona informant podr\u00e0 adre\u00e7ar-se tamb\u00e9 per a fer l\u2019oportuna comunicaci\u00f3 de les accions o omissions que corresponguin, al Canal extern d\u2019informaci\u00f3 de l\u2019Autoritat Independent de Protecci\u00f3 a l\u2019Informant, A.A.I., o b\u00e9, al corresponent de les autoritats o \u00f2rgans auton\u00f2mics.<\/p><h3>Qu\u00e8 caldr\u00e0 indicar?<\/h3><ol><li>La data de la comunicaci\u00f3.<\/li><li>L\u2019empresa, \u00e0rea o lloc on s\u2019han produ\u00eft els fets.<\/li><li>Des de quan s\u2019han estat produint els fets i si els fets continuen succeint en l\u2019actualitat.<\/li><li>La identificaci\u00f3 dels responsables de la presumpta infracci\u00f3 o irregularitat.<\/li><li>La descripci\u00f3 amb detall de les circumst\u00e0ncies que s\u2019han donat, i en la mesura de lo possible, acompanyar les proves que ho avalin.<\/li><li>Indicar un domicili, adre\u00e7a de correu electr\u00f2nic o lloc segur on rebre les notificacions, o b\u00e9, renunciar a rebre-les.<\/li><\/ol><h3>Quines garanties t\u00e9 la persona informant?<\/h3><ul><li>Es garanteix la confidencialitat de les dades, aplicant-se les mesures adequades per fer-ne l\u2019\u00fas correcte i salvaguardar els drets de totes les persones implicades.<br \/>Aix\u00ed mateix, es garanteix que les comunicacions puguin ser an\u00f2nimes.<\/li><li>En cas d\u2019identificaci\u00f3 de la persona informant, el dret a preservar la seva identitat, aix\u00ed mateix garantit respecte la persona o persones presumptament responsables de l\u2019incompliment comunicat.<\/li><li>En el tractament de les dades personals, seran sempre rigorosament observades les mesures de seguretat adequades, pertinents i proporcionades, d\u2019acord amb el que estableix la normativa en mat\u00e8ria de protecci\u00f3 de dades de car\u00e0cter personal, exclusivament per a gestionar la comunicaci\u00f3 rebuda i durant el temps imprescindible per a la seva resoluci\u00f3, garantint en tot moment l\u2019exercici dels drets dels interessats legalment establerts.<\/li><li>Es garanteix expressament que no s\u2019adoptaran repres\u00e0lies directes o indirectes respecte les persones informants, a menys que la investigaci\u00f3 determini que la comunicaci\u00f3 \u00e9s falsa i que la persona que l\u2019ha realitzat era conscient de la seva falsedat, actuant de mala fe.<\/li><\/ul><h3>Com es gestiona la comunicaci\u00f3?<\/h3><p>Les informacions que es rebin per mitj\u00e0 d\u2019aquest Canal seran tramitades de conformitat amb el Procediment de gesti\u00f3 d\u2019informacions creat a l\u2019efecte, i aprovat pel Consell d\u2019Administraci\u00f3.<\/p><p>La resoluci\u00f3 dels fets informats es comunicar\u00e0 a les persones implicades en el termini de tres mesos, a comptar des de la data de l\u2019acusament de rebuda o del venciment del termini de set dies des de la recepci\u00f3 de la comunicaci\u00f3, amb possibilitat d\u2019estendre\u2019s fins a tres mesos m\u00e9s, en funci\u00f3 de la complexitat de l\u2019assumpte, pr\u00e8via comunicaci\u00f3 a les parts implicades (llevat que la persona informant hagu\u00e9s renunciat a rebre comunicacions).<\/p>\t\t\t\t\t\t\t\t<\/div>\n\t\t\t\t<\/div>\n\t\t\t\t<div class=\"elementor-element elementor-element-5e7d169 elementor-widget elementor-widget-button\" data-id=\"5e7d169\" data-element_type=\"widget\" data-e-type=\"widget\" data-widget_type=\"button.default\">\n\t\t\t\t<div class=\"elementor-widget-container\">\n\t\t\t\t\t\t\t\t\t<div class=\"elementor-button-wrapper\">\n\t\t\t\t\t<a class=\"elementor-button elementor-button-link elementor-size-sm\" href=\"https:\/\/grupomgc.complianceribavidal.com\" target=\"_blank\" rel=\"nofollow\">\n\t\t\t\t\t\t<span class=\"elementor-button-content-wrapper\">\n\t\t\t\t\t\t\t\t\t<span class=\"elementor-button-text\">Acc\u00e9s al CANAL<\/span>\n\t\t\t\t\t<\/span>\n\t\t\t\t\t<\/a>\n\t\t\t\t<\/div>\n\t\t\t\t\t\t\t\t<\/div>\n\t\t\t\t<\/div>\n\t\t\t\t\t<\/div>\n\t\t<\/div>\n\t\t\t\t\t<\/div>\n\t\t<\/section>\n\t\t\t\t<\/div>\n\t\t","protected":false},"excerpt":{"rendered":"<p>Canal Intern d&#8217;Informaci\u00f3 En el marc del programa de compliment normatiu del Grup MGC, al que pertany l\u2019Institut Quir\u00fargic Est\u00e8tica i Odontologia, S.A., i del sistema de prevenci\u00f3 de riscos penals establert, s\u2019ha implementat el Canal intern d\u2019informaci\u00f3, donant compliment [&hellip;]<\/p>\n","protected":false},"author":3,"featured_media":0,"parent":0,"menu_order":0,"comment_status":"closed","ping_status":"closed","template":"","meta":{"site-sidebar-layout":"default","site-content-layout":"","ast-site-content-layout":"full-width-container","site-content-style":"default","site-sidebar-style":"default","ast-global-header-display":"","ast-banner-title-visibility":"","ast-main-header-display":"","ast-hfb-above-header-display":"","ast-hfb-below-header-display":"","ast-hfb-mobile-header-display":"","site-post-title":"","ast-breadcrumbs-content":"","ast-featured-img":"","footer-sml-layout":"","ast-disable-related-posts":"","theme-transparent-header-meta":"","adv-header-id-meta":"","stick-header-meta":"","header-above-stick-meta":"","header-main-stick-meta":"","header-below-stick-meta":"","astra-migrate-meta-layouts":"set","ast-page-background-enabled":"default","ast-page-background-meta":{"desktop":{"background-color":"","background-image":"","background-repeat":"repeat","background-position":"center center","background-size":"auto","background-attachment":"scroll","background-type":"","background-media":"","overlay-type":"","overlay-color":"","overlay-opacity":"","overlay-gradient":""},"tablet":{"background-color":"","background-image":"","background-repeat":"repeat","background-position":"center center","background-size":"auto","background-attachment":"scroll","background-type":"","background-media":"","overlay-type":"","overlay-color":"","overlay-opacity":"","overlay-gradient":""},"mobile":{"background-color":"","background-image":"","background-repeat":"repeat","background-position":"center center","background-size":"auto","background-attachment":"scroll","background-type":"","background-media":"","overlay-type":"","overlay-color":"","overlay-opacity":"","overlay-gradient":""}},"ast-content-background-meta":{"desktop":{"background-color":"var(--ast-global-color-5)","background-image":"","background-repeat":"repeat","background-position":"center center","background-size":"auto","background-attachment":"scroll","background-type":"","background-media":"","overlay-type":"","overlay-color":"","overlay-opacity":"","overlay-gradient":""},"tablet":{"background-color":"var(--ast-global-color-5)","background-image":"","background-repeat":"repeat","background-position":"center center","background-size":"auto","background-attachment":"scroll","background-type":"","background-media":"","overlay-type":"","overlay-color":"","overlay-opacity":"","overlay-gradient":""},"mobile":{"background-color":"var(--ast-global-color-5)","background-image":"","background-repeat":"repeat","background-position":"center center","background-size":"auto","background-attachment":"scroll","background-type":"","background-media":"","overlay-type":"","overlay-color":"","overlay-opacity":"","overlay-gradient":""}},"footnotes":""},"class_list":["post-4760","page","type-page","status-publish","hentry"],"yoast_head":"<!-- This site is optimized with the Yoast SEO plugin v27.4 - https:\/\/yoast.com\/product\/yoast-seo-wordpress\/ -->\n<title>Canal Intern d&#039;Informaci\u00f3 - Cl\u00ednica Belodonte<\/title>\n<meta name=\"robots\" content=\"index, follow, max-snippet:-1, max-image-preview:large, max-video-preview:-1\" \/>\n<link rel=\"canonical\" href=\"https:\/\/www.belodonte.es\/canal-interno-de-informacion\/\" \/>\n<meta property=\"og:locale\" content=\"ca_ES\" \/>\n<meta property=\"og:type\" content=\"article\" \/>\n<meta property=\"og:title\" content=\"Canal Intern d&#039;Informaci\u00f3 - Cl\u00ednica Belodonte\" \/>\n<meta property=\"og:description\" content=\"Canal Intern d&#8217;Informaci\u00f3 En el marc del programa de compliment normatiu del Grup MGC, al que pertany l\u2019Institut Quir\u00fargic Est\u00e8tica i Odontologia, S.A., i del sistema de prevenci\u00f3 de riscos penals establert, s\u2019ha implementat el Canal intern d\u2019informaci\u00f3, donant compliment [&hellip;]\" \/>\n<meta property=\"og:url\" content=\"https:\/\/www.belodonte.es\/canal-interno-de-informacion\/\" \/>\n<meta property=\"og:site_name\" content=\"Cl\u00ednica Belodonte\" \/>\n<meta property=\"article:modified_time\" content=\"2023-12-01T10:19:23+00:00\" \/>\n<meta name=\"twitter:card\" content=\"summary_large_image\" \/>\n<meta name=\"twitter:label1\" content=\"Est. reading time\" \/>\n\t<meta name=\"twitter:data1\" content=\"4 minutes\" \/>\n<script type=\"application\/ld+json\" class=\"yoast-schema-graph\">{\"@context\":\"https:\\\/\\\/schema.org\",\"@graph\":[{\"@type\":\"WebPage\",\"@id\":\"https:\\\/\\\/www.belodonte.es\\\/canal-interno-de-informacion\\\/\",\"url\":\"https:\\\/\\\/www.belodonte.es\\\/canal-interno-de-informacion\\\/\",\"name\":\"Canal Intern d'Informaci\u00f3 - Cl\u00ednica Belodonte\",\"isPartOf\":{\"@id\":\"https:\\\/\\\/www.belodonte.es\\\/#website\"},\"datePublished\":\"2023-12-01T08:49:53+00:00\",\"dateModified\":\"2023-12-01T10:19:23+00:00\",\"breadcrumb\":{\"@id\":\"https:\\\/\\\/www.belodonte.es\\\/canal-interno-de-informacion\\\/#breadcrumb\"},\"inLanguage\":\"ca\",\"potentialAction\":[{\"@type\":\"ReadAction\",\"target\":[\"https:\\\/\\\/www.belodonte.es\\\/canal-interno-de-informacion\\\/\"]}]},{\"@type\":\"BreadcrumbList\",\"@id\":\"https:\\\/\\\/www.belodonte.es\\\/canal-interno-de-informacion\\\/#breadcrumb\",\"itemListElement\":[{\"@type\":\"ListItem\",\"position\":1,\"name\":\"Portada\",\"item\":\"https:\\\/\\\/www.belodonte.es\\\/\"},{\"@type\":\"ListItem\",\"position\":2,\"name\":\"Canal Intern d&#8217;Informaci\u00f3\"}]},{\"@type\":\"WebSite\",\"@id\":\"https:\\\/\\\/www.belodonte.es\\\/#website\",\"url\":\"https:\\\/\\\/www.belodonte.es\\\/\",\"name\":\"Cl\u00ednica Belodonte\",\"description\":\"Cl\u00ednica dental en Barcelona\",\"publisher\":{\"@id\":\"https:\\\/\\\/www.belodonte.es\\\/#organization\"},\"potentialAction\":[{\"@type\":\"SearchAction\",\"target\":{\"@type\":\"EntryPoint\",\"urlTemplate\":\"https:\\\/\\\/www.belodonte.es\\\/?s={search_term_string}\"},\"query-input\":{\"@type\":\"PropertyValueSpecification\",\"valueRequired\":true,\"valueName\":\"search_term_string\"}}],\"inLanguage\":\"ca\"},{\"@type\":\"Organization\",\"@id\":\"https:\\\/\\\/www.belodonte.es\\\/#organization\",\"name\":\"Cl\u00ednica Dental Belodonte\",\"url\":\"https:\\\/\\\/www.belodonte.es\\\/\",\"logo\":{\"@type\":\"ImageObject\",\"inLanguage\":\"ca\",\"@id\":\"https:\\\/\\\/www.belodonte.es\\\/#\\\/schema\\\/logo\\\/image\\\/\",\"url\":\"https:\\\/\\\/www.belodonte.es\\\/wp-content\\\/uploads\\\/2021\\\/10\\\/favicon-clinica-belodonte.png\",\"contentUrl\":\"https:\\\/\\\/www.belodonte.es\\\/wp-content\\\/uploads\\\/2021\\\/10\\\/favicon-clinica-belodonte.png\",\"width\":512,\"height\":512,\"caption\":\"Cl\u00ednica Dental Belodonte\"},\"image\":{\"@id\":\"https:\\\/\\\/www.belodonte.es\\\/#\\\/schema\\\/logo\\\/image\\\/\"}}]}<\/script>\n<!-- \/ Yoast SEO plugin. -->","yoast_head_json":{"title":"Canal Intern d'Informaci\u00f3 - Cl\u00ednica Belodonte","robots":{"index":"index","follow":"follow","max-snippet":"max-snippet:-1","max-image-preview":"max-image-preview:large","max-video-preview":"max-video-preview:-1"},"canonical":"https:\/\/www.belodonte.es\/canal-interno-de-informacion\/","og_locale":"ca_ES","og_type":"article","og_title":"Canal Intern d'Informaci\u00f3 - Cl\u00ednica Belodonte","og_description":"Canal Intern d&#8217;Informaci\u00f3 En el marc del programa de compliment normatiu del Grup MGC, al que pertany l\u2019Institut Quir\u00fargic Est\u00e8tica i Odontologia, S.A., i del sistema de prevenci\u00f3 de riscos penals establert, s\u2019ha implementat el Canal intern d\u2019informaci\u00f3, donant compliment [&hellip;]","og_url":"https:\/\/www.belodonte.es\/canal-interno-de-informacion\/","og_site_name":"Cl\u00ednica Belodonte","article_modified_time":"2023-12-01T10:19:23+00:00","twitter_card":"summary_large_image","twitter_misc":{"Est. reading time":"4 minutes"},"schema":{"@context":"https:\/\/schema.org","@graph":[{"@type":"WebPage","@id":"https:\/\/www.belodonte.es\/canal-interno-de-informacion\/","url":"https:\/\/www.belodonte.es\/canal-interno-de-informacion\/","name":"Canal Intern d'Informaci\u00f3 - Cl\u00ednica Belodonte","isPartOf":{"@id":"https:\/\/www.belodonte.es\/#website"},"datePublished":"2023-12-01T08:49:53+00:00","dateModified":"2023-12-01T10:19:23+00:00","breadcrumb":{"@id":"https:\/\/www.belodonte.es\/canal-interno-de-informacion\/#breadcrumb"},"inLanguage":"ca","potentialAction":[{"@type":"ReadAction","target":["https:\/\/www.belodonte.es\/canal-interno-de-informacion\/"]}]},{"@type":"BreadcrumbList","@id":"https:\/\/www.belodonte.es\/canal-interno-de-informacion\/#breadcrumb","itemListElement":[{"@type":"ListItem","position":1,"name":"Portada","item":"https:\/\/www.belodonte.es\/"},{"@type":"ListItem","position":2,"name":"Canal Intern d&#8217;Informaci\u00f3"}]},{"@type":"WebSite","@id":"https:\/\/www.belodonte.es\/#website","url":"https:\/\/www.belodonte.es\/","name":"Cl\u00ednica Belodonte","description":"Cl\u00ednica dental en Barcelona","publisher":{"@id":"https:\/\/www.belodonte.es\/#organization"},"potentialAction":[{"@type":"SearchAction","target":{"@type":"EntryPoint","urlTemplate":"https:\/\/www.belodonte.es\/?s={search_term_string}"},"query-input":{"@type":"PropertyValueSpecification","valueRequired":true,"valueName":"search_term_string"}}],"inLanguage":"ca"},{"@type":"Organization","@id":"https:\/\/www.belodonte.es\/#organization","name":"Cl\u00ednica Dental Belodonte","url":"https:\/\/www.belodonte.es\/","logo":{"@type":"ImageObject","inLanguage":"ca","@id":"https:\/\/www.belodonte.es\/#\/schema\/logo\/image\/","url":"https:\/\/www.belodonte.es\/wp-content\/uploads\/2021\/10\/favicon-clinica-belodonte.png","contentUrl":"https:\/\/www.belodonte.es\/wp-content\/uploads\/2021\/10\/favicon-clinica-belodonte.png","width":512,"height":512,"caption":"Cl\u00ednica Dental Belodonte"},"image":{"@id":"https:\/\/www.belodonte.es\/#\/schema\/logo\/image\/"}}]}},"_links":{"self":[{"href":"https:\/\/www.belodonte.es\/ca\/wp-json\/wp\/v2\/pages\/4760","targetHints":{"allow":["GET"]}}],"collection":[{"href":"https:\/\/www.belodonte.es\/ca\/wp-json\/wp\/v2\/pages"}],"about":[{"href":"https:\/\/www.belodonte.es\/ca\/wp-json\/wp\/v2\/types\/page"}],"author":[{"embeddable":true,"href":"https:\/\/www.belodonte.es\/ca\/wp-json\/wp\/v2\/users\/3"}],"replies":[{"embeddable":true,"href":"https:\/\/www.belodonte.es\/ca\/wp-json\/wp\/v2\/comments?post=4760"}],"version-history":[{"count":16,"href":"https:\/\/www.belodonte.es\/ca\/wp-json\/wp\/v2\/pages\/4760\/revisions"}],"predecessor-version":[{"id":4792,"href":"https:\/\/www.belodonte.es\/ca\/wp-json\/wp\/v2\/pages\/4760\/revisions\/4792"}],"wp:attachment":[{"href":"https:\/\/www.belodonte.es\/ca\/wp-json\/wp\/v2\/media?parent=4760"}],"curies":[{"name":"wp","href":"https:\/\/api.w.org\/{rel}","templated":true}]}}