{"id":2374,"date":"2021-12-22T10:50:52","date_gmt":"2021-12-22T10:50:52","guid":{"rendered":"https:\/\/dev.belodonte.es\/proteccio-de-dades-personals\/"},"modified":"2023-07-27T11:36:27","modified_gmt":"2023-07-27T11:36:27","slug":"proteccio-de-dades-personals","status":"publish","type":"page","link":"https:\/\/www.belodonte.es\/ca\/proteccio-de-dades-personals\/","title":{"rendered":"Protecci\u00f3 de dades personals"},"content":{"rendered":"\t\t<div data-elementor-type=\"wp-page\" data-elementor-id=\"2374\" class=\"elementor elementor-2374 elementor-2308\">\n\t\t\t\t\t\t<section class=\"elementor-section elementor-top-section elementor-element elementor-element-fe9a40b elementor-section-boxed elementor-section-height-default elementor-section-height-default\" data-id=\"fe9a40b\" data-element_type=\"section\" data-e-type=\"section\">\n\t\t\t\t\t\t<div class=\"elementor-container elementor-column-gap-default\">\n\t\t\t\t\t<div class=\"elementor-column elementor-col-100 elementor-top-column elementor-element elementor-element-91d33f3\" data-id=\"91d33f3\" data-element_type=\"column\" data-e-type=\"column\">\n\t\t\t<div class=\"elementor-widget-wrap elementor-element-populated\">\n\t\t\t\t\t\t<div class=\"elementor-element elementor-element-8cd167c elementor-widget elementor-widget-text-editor\" data-id=\"8cd167c\" data-element_type=\"widget\" data-e-type=\"widget\" data-widget_type=\"text-editor.default\">\n\t\t\t\t<div class=\"elementor-widget-container\">\n\t\t\t\t\t\t\t\t\t<h1>Protecci\u00f3 de dades personals<\/h1>\n<article>La Pol\u00edtica de Protecci\u00f3 de Dades de Institut Quir\u00fargic Est\u00e8tica i Odontologia, S.A. (en endavant, IQEO), entitat que gestiona la Cl\u00ednica Belodonte, preveu, en relaci\u00f3 amb les dades personals dels seus pacients, el tractament que en fa, la legitimitat de la seva obtenci\u00f3, la seva conservaci\u00f3, la possibilitat de comunicar-les i els drets que assisteixen els interessats, d&#8217;acord amb la normativa vigent en la mat\u00e8ria.<p><\/p>\n<p>A aquests efectes, l&#8217;informem dels aspectes seg\u00fcents:<\/p>\n<h3>Qui \u00e9s el responsable del tractament de les seves dades?<\/h3>\n<ul>\n<li><span style=\"font-size: 16px;\">Identitat: Institut Quir\u00fargic Est\u00e8tica i Odontologia, S.A.<\/span><\/li>\n<li><span style=\"font-size: 16px;\">NIF: A-64224223<\/span><\/li>\n<li><span style=\"font-size: 16px;\">Adre\u00e7a postal: C\/ Val\u00e8ncia n\u00fam. 211, baixos, 08007 Barcelona<\/span><\/li>\n<li><span style=\"font-size: 16px;\">Tel\u00e8fon: 93\/452.45.45<\/span><\/li>\n<li><span style=\"font-size: 16px;\">Adre\u00e7a electr\u00f2nica: <a href=\"mailto:belodonte@belodonte.es\">belodonte@belodonte.es<\/a><\/span><\/li>\n<\/ul>\n<h3>Amb quina finalitat tractem les seves dades personals?<\/h3>\n<p>La finalitat principal amb qu\u00e8 tractem les seves dades personals, incloses les de salut, resideix en el compliment de les obligacions derivades de la prestaci\u00f3 del servei m\u00e8dic, com ara pressupostar el cost del servei interessat, i, si escau, la gesti\u00f3 i la prestaci\u00f3 del mateix.<\/p>\n<p>Tamb\u00e9 tractem les seves dades amb finalitats access\u00f2ries, per informar-lo de productes i serveis que siguin del seu inter\u00e8s, ofertes o promocions especials, i per al lliurament d&#8217;obsequis i la participaci\u00f3 en sorteigs, relacionats amb l&#8217;activitat de IQEO o de les entitats en qu\u00e8 aquesta participi o hi estigui vinculada, incloent-hi l&#8217;elaboraci\u00f3 de perfils per oferir productes i serveis d&#8217;acord amb els seus interessos. Aquesta informaci\u00f3 es podr\u00e0 proporcionar per qualsevol canal habitual de comunicaci\u00f3, inclosa la via electr\u00f2nica i telef\u00f2nica, per mitj\u00e0 del qual li farem arribar tamb\u00e9 revistes i butlletins informatius sobre les activitats pr\u00f2pies de l\u2019entitat.<\/p>\n<p>D&#8217;altra banda, tractarem les seves dades quan s&#8217;hagin d&#8217;elaborar, fins i tot una vegada acabada la relaci\u00f3 contractual, estudis amb finalitats de col\u00b7laboraci\u00f3 estad\u00edstica o de prospecci\u00f3 t\u00e8cnica i comercial, enquestes i control de qualitat, aix\u00ed com per prevenir el frau.<\/p>\n<p>Les instal\u00b7lacions de IQEO disposen d\u2019un sistema de videovigil\u00e0ncia per mitj\u00e0 del qual es registren imatges a temps real dels usuaris, amb una finalitat exclusivament de seguretat i control d&#8217;acc\u00e9s a les instal\u00b7lacions.<\/p>\n<p>En darrer terme, s&#8217;utilitzaran, en cas que fos necessari, les converses telef\u00f2niques registrades, derivades de la sol\u00b7licitud, gesti\u00f3 i prestaci\u00f3 del servei m\u00e8dic interessat, per a controls de qualitat o com a mitj\u00e0 de prova en reclamacions i\/o en procediments judicials o arbitrals, preservant-ne la confidencialitat.<\/p>\n<h3>Durant quant de temps conservarem les seves dades?<\/h3>\n<p>Les seves dades es conservaran mentre subsisteixi la prestaci\u00f3 del servei m\u00e8dic, i en atenci\u00f3 a les possibles responsabilitats derivades d&#8217;aquesta relaci\u00f3, d&#8217;acord amb els terminis de prescripci\u00f3 establerts legalment.<\/p>\n<p>Aix\u00ed mateix, les conservarem fins que siguin necessaris per a les finalitats del tractament per al qual vost\u00e8 va atorgar el consentiment.<\/p>\n<p>En qualsevol cas, les seves dades es conservaran durant els terminis legals de conservaci\u00f3, especialment pel que fa a la documentaci\u00f3 cl\u00ednica corresponent.<\/p>\n<h3>Quina \u00e9s la legitimaci\u00f3 per al tractament de les seves dades?<\/h3>\n<p>La base legal per al tractament de les seves dades \u00e9s la prestaci\u00f3 del servei m\u00e8dic interessat, per a la qual l&#8217;interessat ha manifestat el seu consentiment, aix\u00ed com el compliment de les obligacions legals que corresponguin. En el cas de menors d&#8217;edat, el consentiment s&#8217;entendr\u00e0 atorgat pel titular de la seva p\u00e0tria potestat o tutela legal.<\/p>\n<p>Aix\u00ed mateix, en el cas de les finalitats access\u00f2ries, la legitimaci\u00f3 per tractar les seves dades la constitueix el consentiment atorgat, d&#8217;acord amb les finalitats descrites.<\/p>\n<p>En darrer terme, i en resum, la legitimaci\u00f3 per al tractament de les seves dades rau en l&#8217;inter\u00e8s leg\u00edtim de IQEO per dur a terme el servei m\u00e8dic, oferir-li nous productes i serveis adaptats als seus interessos o fer estudis i c\u00e0lculs estad\u00edstics, de prospecci\u00f3 t\u00e8cnica i comercial, i de control de qualitat.<\/p>\n<p>No es podran fer efectives les assist\u00e8ncies interessades en cas d&#8217;oposici\u00f3 al tractament de les dades.<\/p>\n<h3>A quins destinataris es comunicaran les seves dades?<\/h3>\n<p>IQEO comunicar\u00e0 les seves dades, en l&#8217;exercici de les seves funcions pr\u00f2pies, a entitats en les qual participi o hi estigui vinculada, a altres persones, entitats i institucions que col\u00b7laborin amb IQEO per a la prestaci\u00f3 de serveis, i, si escau, amb les entitats financeres per al finan\u00e7ament interessat.<\/p>\n<p>Aix\u00ed mateix, les seves dades, incloses les de salut, es podran comunicar als metges i professionals de la salut, hospitals i centres sanitaris, per prestar l&#8217;assist\u00e8ncia interessada, aix\u00ed com per sol\u00b7licitar o verificar d&#8217;aquests prestadors de serveis sanitaris les causes i antecedents m\u00e8dics relacionats amb les esmentades assist\u00e8ncies, i, en darrer lloc, a les entitats asseguradores amb les que el pacient tingui susbcrit un contracte d\u2019asseguran\u00e7a, als efectes del pagament de les prestacions garantides.<\/p>\n<p>IQEO no realitzar\u00e0, en cap cas, transfer\u00e8ncies internacionals de les seves dades, ni les comunicar\u00e0 a tercers, llevat d\u2019obligaci\u00f3 legal o amb el seu previ consentiment.<\/p>\n<h3>Quin comprom\u00eds assumim pel que fa al tractament de les seves dades?<\/h3>\n<p>IQEO adopta les mesures necess\u00e0ries en el tractament de les seves dades per evitar-ne l&#8217;alteraci\u00f3, la p\u00e8rdua o el tractament o acc\u00e9s no autoritzat, les quals seran tractades respectant la legislaci\u00f3 vigent i observant totes les mesures de seguretat que en garanteixin la seva confidencialitat.<\/p>\n<p>Les dades que tractem seran les adequades, pertinents i no excessives per a les finalitats descrites.<\/p>\n<h3>Quins s\u00f3n els seus drets quan ens facilita les seves dades?<\/h3>\n<p>Els drets que l&#8217;assisteixen, d&#8217;acord amb la normativa aplicable, s\u00f3n, d&#8217;una banda, el dret a confirmar si IQEO disposa de les seves dades, a accedir-hi i a demanar-ne la rectificaci\u00f3 si s\u00f3n incorrectes o, si escau, a sol\u00b7licitar que siguin suprimides si considera que ja no s\u00f3n necess\u00e0ries per a les finalitats que van ser recollides.<\/p>\n<p>Aix\u00ed mateix, t\u00e9 dret a sol\u00b7licitar la limitaci\u00f3 del tractament de les seves dades, en determinades circumst\u00e0ncies, la possibilitat d&#8217;oposar-se a l\u2019esmentat tractament, o la portabilitat de les dades facilitades a l&#8217;entitat.<\/p>\n<p>Finalment, t\u00e9 dret a retirar el consentiment d&#8217;una finalitat de tractament diferent de la prestaci\u00f3 del servei m\u00e8dic, sense que aix\u00f2 en condicioni la prestaci\u00f3.<\/p>\n<h3>Com puc exercir aquests drets davant de IQEO?<\/h3>\n<p>L&#8217;informem que podr\u00e0 exercir els drets anteriors d&#8217;acc\u00e9s, rectificaci\u00f3, supressi\u00f3, limitaci\u00f3, oposici\u00f3 i portabilitat adre\u00e7ant-se a la seu de l&#8217;entitat (C\/ Val\u00e8ncia, n\u00fam 211, 08007 Barcelona) o mitjan\u00e7ant correu electr\u00f2nic a <a href=\"mailto:belodonte@belodonte.es\">belodonte@belodonte.es<\/a>, acreditant la seva identitat mitjan\u00e7ant fotoc\u00f2pia del DNI o document acreditatiu equivalent.<\/p>\n<p>Per a m\u00e9s informaci\u00f3 accedeixi a:<\/p>\n<p><a href=\"http:\/\/www.agpd.es\/portalwebAGPD\/CanalDelCiudadano\/index-indes-idphp.php\" target=\"_blank\" rel=\"noopener\">http:\/\/www.agpd.es\/portalwebAGPD\/CanalDelCiudadano\/index-indes-idphp.php<\/a><\/p>\n<p>Finalment, en el cas que necessiti m\u00e9s informaci\u00f3 en relaci\u00f3 amb l&#8217;exercici d&#8217;aquests drets o vulgui presentar una reclamaci\u00f3, haur\u00e0 d\u2019adre\u00e7ar-se a la Agencia Espa\u00f1ola de Protecci\u00f3n de Datos (www.agpd.es \u2013 C\/ Jorge Juan, n\u00ba 6, 28001 Madrid).<\/p>\n<\/article>\n<article>\n<form class=\"form\" action=\"https:\/\/www.belodonte.es\/es\/contacto\" method=\"post\" name=\"widgetForm\"><\/form>\n<\/article>\t\t\t\t\t\t\t\t<\/div>\n\t\t\t\t<\/div>\n\t\t\t\t\t<\/div>\n\t\t<\/div>\n\t\t\t\t\t<\/div>\n\t\t<\/section>\n\t\t\t\t<\/div>\n\t\t","protected":false},"excerpt":{"rendered":"<p>Protecci\u00f3 de dades personals La Pol\u00edtica de Protecci\u00f3 de Dades de Institut Quir\u00fargic Est\u00e8tica i Odontologia, S.A. (en endavant, IQEO), entitat que gestiona la Cl\u00ednica Belodonte, preveu, en relaci\u00f3 amb les dades personals dels seus pacients, el tractament que en [&hellip;]<\/p>\n","protected":false},"author":2,"featured_media":0,"parent":0,"menu_order":0,"comment_status":"closed","ping_status":"closed","template":"","meta":{"site-sidebar-layout":"no-sidebar","site-content-layout":"page-builder","ast-site-content-layout":"default","site-content-style":"default","site-sidebar-style":"default","ast-global-header-display":"","ast-banner-title-visibility":"","ast-main-header-display":"","ast-hfb-above-header-display":"","ast-hfb-below-header-display":"","ast-hfb-mobile-header-display":"","site-post-title":"disabled","ast-breadcrumbs-content":"","ast-featured-img":"disabled","footer-sml-layout":"","ast-disable-related-posts":"","theme-transparent-header-meta":"default","adv-header-id-meta":"","stick-header-meta":"","header-above-stick-meta":"","header-main-stick-meta":"","header-below-stick-meta":"","astra-migrate-meta-layouts":"default","ast-page-background-enabled":"default","ast-page-background-meta":{"desktop":{"background-color":"","background-image":"","background-repeat":"repeat","background-position":"center center","background-size":"auto","background-attachment":"scroll","background-type":"","background-media":"","overlay-type":"","overlay-color":"","overlay-opacity":"","overlay-gradient":""},"tablet":{"background-color":"","background-image":"","background-repeat":"repeat","background-position":"center center","background-size":"auto","background-attachment":"scroll","background-type":"","background-media":"","overlay-type":"","overlay-color":"","overlay-opacity":"","overlay-gradient":""},"mobile":{"background-color":"","background-image":"","background-repeat":"repeat","background-position":"center center","background-size":"auto","background-attachment":"scroll","background-type":"","background-media":"","overlay-type":"","overlay-color":"","overlay-opacity":"","overlay-gradient":""}},"ast-content-background-meta":{"desktop":{"background-color":"var(--ast-global-color-5)","background-image":"","background-repeat":"repeat","background-position":"center center","background-size":"auto","background-attachment":"scroll","background-type":"","background-media":"","overlay-type":"","overlay-color":"","overlay-opacity":"","overlay-gradient":""},"tablet":{"background-color":"var(--ast-global-color-5)","background-image":"","background-repeat":"repeat","background-position":"center center","background-size":"auto","background-attachment":"scroll","background-type":"","background-media":"","overlay-type":"","overlay-color":"","overlay-opacity":"","overlay-gradient":""},"mobile":{"background-color":"var(--ast-global-color-5)","background-image":"","background-repeat":"repeat","background-position":"center center","background-size":"auto","background-attachment":"scroll","background-type":"","background-media":"","overlay-type":"","overlay-color":"","overlay-opacity":"","overlay-gradient":""}},"footnotes":""},"class_list":["post-2374","page","type-page","status-publish","hentry"],"yoast_head":"<!-- This site is optimized with the Yoast SEO plugin v27.5 - https:\/\/yoast.com\/product\/yoast-seo-wordpress\/ -->\n<title>Protecci\u00f3 de dades personals - Cl\u00ednica Belodonte<\/title>\n<meta name=\"robots\" content=\"index, follow, max-snippet:-1, max-image-preview:large, max-video-preview:-1\" \/>\n<link rel=\"canonical\" href=\"https:\/\/www.belodonte.es\/proteccion-de-datos-personales\/\" \/>\n<meta property=\"og:locale\" content=\"ca_ES\" \/>\n<meta property=\"og:type\" content=\"article\" \/>\n<meta property=\"og:title\" content=\"Protecci\u00f3 de dades personals - Cl\u00ednica Belodonte\" \/>\n<meta property=\"og:description\" content=\"Protecci\u00f3 de dades personals La Pol\u00edtica de Protecci\u00f3 de Dades de Institut Quir\u00fargic Est\u00e8tica i Odontologia, S.A. (en endavant, IQEO), entitat que gestiona la Cl\u00ednica Belodonte, preveu, en relaci\u00f3 amb les dades personals dels seus pacients, el tractament que en [&hellip;]\" \/>\n<meta property=\"og:url\" content=\"https:\/\/www.belodonte.es\/proteccion-de-datos-personales\/\" \/>\n<meta property=\"og:site_name\" content=\"Cl\u00ednica Belodonte\" \/>\n<meta property=\"article:modified_time\" content=\"2023-07-27T11:36:27+00:00\" \/>\n<meta name=\"twitter:card\" content=\"summary_large_image\" \/>\n<meta name=\"twitter:label1\" content=\"Est. reading time\" \/>\n\t<meta name=\"twitter:data1\" content=\"6 minutes\" \/>\n<script type=\"application\/ld+json\" class=\"yoast-schema-graph\">{\"@context\":\"https:\\\/\\\/schema.org\",\"@graph\":[{\"@type\":\"WebPage\",\"@id\":\"https:\\\/\\\/www.belodonte.es\\\/proteccion-de-datos-personales\\\/\",\"url\":\"https:\\\/\\\/www.belodonte.es\\\/proteccion-de-datos-personales\\\/\",\"name\":\"Protecci\u00f3 de dades personals - Cl\u00ednica Belodonte\",\"isPartOf\":{\"@id\":\"https:\\\/\\\/www.belodonte.es\\\/#website\"},\"datePublished\":\"2021-12-22T10:50:52+00:00\",\"dateModified\":\"2023-07-27T11:36:27+00:00\",\"breadcrumb\":{\"@id\":\"https:\\\/\\\/www.belodonte.es\\\/proteccion-de-datos-personales\\\/#breadcrumb\"},\"inLanguage\":\"ca\",\"potentialAction\":[{\"@type\":\"ReadAction\",\"target\":[\"https:\\\/\\\/www.belodonte.es\\\/proteccion-de-datos-personales\\\/\"]}]},{\"@type\":\"BreadcrumbList\",\"@id\":\"https:\\\/\\\/www.belodonte.es\\\/proteccion-de-datos-personales\\\/#breadcrumb\",\"itemListElement\":[{\"@type\":\"ListItem\",\"position\":1,\"name\":\"Portada\",\"item\":\"https:\\\/\\\/www.belodonte.es\\\/\"},{\"@type\":\"ListItem\",\"position\":2,\"name\":\"Protecci\u00f3 de dades personals\"}]},{\"@type\":\"WebSite\",\"@id\":\"https:\\\/\\\/www.belodonte.es\\\/#website\",\"url\":\"https:\\\/\\\/www.belodonte.es\\\/\",\"name\":\"Cl\u00ednica Belodonte\",\"description\":\"Cl\u00ednica dental en Barcelona\",\"publisher\":{\"@id\":\"https:\\\/\\\/www.belodonte.es\\\/#organization\"},\"potentialAction\":[{\"@type\":\"SearchAction\",\"target\":{\"@type\":\"EntryPoint\",\"urlTemplate\":\"https:\\\/\\\/www.belodonte.es\\\/?s={search_term_string}\"},\"query-input\":{\"@type\":\"PropertyValueSpecification\",\"valueRequired\":true,\"valueName\":\"search_term_string\"}}],\"inLanguage\":\"ca\"},{\"@type\":\"Organization\",\"@id\":\"https:\\\/\\\/www.belodonte.es\\\/#organization\",\"name\":\"Cl\u00ednica Dental Belodonte\",\"url\":\"https:\\\/\\\/www.belodonte.es\\\/\",\"logo\":{\"@type\":\"ImageObject\",\"inLanguage\":\"ca\",\"@id\":\"https:\\\/\\\/www.belodonte.es\\\/#\\\/schema\\\/logo\\\/image\\\/\",\"url\":\"https:\\\/\\\/www.belodonte.es\\\/wp-content\\\/uploads\\\/2021\\\/10\\\/favicon-clinica-belodonte.png\",\"contentUrl\":\"https:\\\/\\\/www.belodonte.es\\\/wp-content\\\/uploads\\\/2021\\\/10\\\/favicon-clinica-belodonte.png\",\"width\":512,\"height\":512,\"caption\":\"Cl\u00ednica Dental Belodonte\"},\"image\":{\"@id\":\"https:\\\/\\\/www.belodonte.es\\\/#\\\/schema\\\/logo\\\/image\\\/\"}}]}<\/script>\n<!-- \/ Yoast SEO plugin. -->","yoast_head_json":{"title":"Protecci\u00f3 de dades personals - Cl\u00ednica Belodonte","robots":{"index":"index","follow":"follow","max-snippet":"max-snippet:-1","max-image-preview":"max-image-preview:large","max-video-preview":"max-video-preview:-1"},"canonical":"https:\/\/www.belodonte.es\/proteccion-de-datos-personales\/","og_locale":"ca_ES","og_type":"article","og_title":"Protecci\u00f3 de dades personals - Cl\u00ednica Belodonte","og_description":"Protecci\u00f3 de dades personals La Pol\u00edtica de Protecci\u00f3 de Dades de Institut Quir\u00fargic Est\u00e8tica i Odontologia, S.A. (en endavant, IQEO), entitat que gestiona la Cl\u00ednica Belodonte, preveu, en relaci\u00f3 amb les dades personals dels seus pacients, el tractament que en [&hellip;]","og_url":"https:\/\/www.belodonte.es\/proteccion-de-datos-personales\/","og_site_name":"Cl\u00ednica Belodonte","article_modified_time":"2023-07-27T11:36:27+00:00","twitter_card":"summary_large_image","twitter_misc":{"Est. reading time":"6 minutes"},"schema":{"@context":"https:\/\/schema.org","@graph":[{"@type":"WebPage","@id":"https:\/\/www.belodonte.es\/proteccion-de-datos-personales\/","url":"https:\/\/www.belodonte.es\/proteccion-de-datos-personales\/","name":"Protecci\u00f3 de dades personals - Cl\u00ednica Belodonte","isPartOf":{"@id":"https:\/\/www.belodonte.es\/#website"},"datePublished":"2021-12-22T10:50:52+00:00","dateModified":"2023-07-27T11:36:27+00:00","breadcrumb":{"@id":"https:\/\/www.belodonte.es\/proteccion-de-datos-personales\/#breadcrumb"},"inLanguage":"ca","potentialAction":[{"@type":"ReadAction","target":["https:\/\/www.belodonte.es\/proteccion-de-datos-personales\/"]}]},{"@type":"BreadcrumbList","@id":"https:\/\/www.belodonte.es\/proteccion-de-datos-personales\/#breadcrumb","itemListElement":[{"@type":"ListItem","position":1,"name":"Portada","item":"https:\/\/www.belodonte.es\/"},{"@type":"ListItem","position":2,"name":"Protecci\u00f3 de dades personals"}]},{"@type":"WebSite","@id":"https:\/\/www.belodonte.es\/#website","url":"https:\/\/www.belodonte.es\/","name":"Cl\u00ednica Belodonte","description":"Cl\u00ednica dental en Barcelona","publisher":{"@id":"https:\/\/www.belodonte.es\/#organization"},"potentialAction":[{"@type":"SearchAction","target":{"@type":"EntryPoint","urlTemplate":"https:\/\/www.belodonte.es\/?s={search_term_string}"},"query-input":{"@type":"PropertyValueSpecification","valueRequired":true,"valueName":"search_term_string"}}],"inLanguage":"ca"},{"@type":"Organization","@id":"https:\/\/www.belodonte.es\/#organization","name":"Cl\u00ednica Dental Belodonte","url":"https:\/\/www.belodonte.es\/","logo":{"@type":"ImageObject","inLanguage":"ca","@id":"https:\/\/www.belodonte.es\/#\/schema\/logo\/image\/","url":"https:\/\/www.belodonte.es\/wp-content\/uploads\/2021\/10\/favicon-clinica-belodonte.png","contentUrl":"https:\/\/www.belodonte.es\/wp-content\/uploads\/2021\/10\/favicon-clinica-belodonte.png","width":512,"height":512,"caption":"Cl\u00ednica Dental Belodonte"},"image":{"@id":"https:\/\/www.belodonte.es\/#\/schema\/logo\/image\/"}}]}},"_links":{"self":[{"href":"https:\/\/www.belodonte.es\/ca\/wp-json\/wp\/v2\/pages\/2374","targetHints":{"allow":["GET"]}}],"collection":[{"href":"https:\/\/www.belodonte.es\/ca\/wp-json\/wp\/v2\/pages"}],"about":[{"href":"https:\/\/www.belodonte.es\/ca\/wp-json\/wp\/v2\/types\/page"}],"author":[{"embeddable":true,"href":"https:\/\/www.belodonte.es\/ca\/wp-json\/wp\/v2\/users\/2"}],"replies":[{"embeddable":true,"href":"https:\/\/www.belodonte.es\/ca\/wp-json\/wp\/v2\/comments?post=2374"}],"version-history":[{"count":4,"href":"https:\/\/www.belodonte.es\/ca\/wp-json\/wp\/v2\/pages\/2374\/revisions"}],"predecessor-version":[{"id":3984,"href":"https:\/\/www.belodonte.es\/ca\/wp-json\/wp\/v2\/pages\/2374\/revisions\/3984"}],"wp:attachment":[{"href":"https:\/\/www.belodonte.es\/ca\/wp-json\/wp\/v2\/media?parent=2374"}],"curies":[{"name":"wp","href":"https:\/\/api.w.org\/{rel}","templated":true}]}}